  {"id":835,"date":"2011-11-13T12:00:27","date_gmt":"2011-11-13T11:00:27","guid":{"rendered":"http:\/\/www.sscm.sk\/?page_id=835"},"modified":"2019-11-29T10:19:15","modified_gmt":"2019-11-29T09:19:15","slug":"nekrolog-k-umrtiu-o-jozefa-kneza","status":"publish","type":"page","link":"https:\/\/www.sscm.sk\/de\/spominame\/nekrolog-k-umrtiu-o-jozefa-kneza\/","title":{"rendered":"Nekrol\u00f3g k \u00famrtiu o. Jozefa Kne\u017ea"},"content":{"rendered":"<div>\n<p id=\"internal-source-marker_0.6975291660055518\" dir=\"ltr\">Jozef Kne\u017eo, tit. kanonik, \u010destn\u00fd predseda SSCM<\/p>\n<p dir=\"ltr\">1916 \u2013 2009 (druh\u00fd najstar\u0161\u00ed k\u0148az Ko\u0161. eparchie)<\/p>\n<p dir=\"ltr\">Najosvietenej\u0161\u00ed pre\u0161ovsk\u00fd vladyka J\u00e1n,<br \/>\nvysokoosvieten\u00fd ko\u0161ick\u00fd vladyka Milan,<br \/>\ndrah\u00e1 rodina zosnul\u00e9ho,<br \/>\nbratia k\u0148azi, milovan\u00ed veriaci tejto farnosti<\/p>\n<p dir=\"ltr\"><!--more--><\/p>\n<p dir=\"ltr\">O. Jozef Kne\u017eo sa narodil 17. marca 1916 v ne\u010falek\u00fdch I\u0148a\u010dovciach, v ro\u013en\u00edckej rodine. Jeho otec Michal Kne\u017eo bol \u0161tyrikr\u00e1t v Amerike, aby si zarobil na k\u00fapu k\u00faska zeme. Matka M\u00e1ria, rod. P\u00e1dov\u00e1, pracovala v dom\u00e1cnosti. Bol posledn\u00fd zo \u0161tyroch det\u00ed. \u013dudov\u00fa \u0161kolu nav\u0161tevoval v rodisku. Prv\u00e9 \u0161tyri roky gymn\u00e1zia absolvoval v Michalovciach, potom prest\u00fapil do gymn\u00e1zia v U\u017ehorode. Po maturite v roku 1938 vst\u00fapil v septembri do u\u017ehorodsk\u00e9ho semin\u00e1ra. Kr\u00e1tko na to sa politick\u00e1 situ\u00e1cia vyhrotila a v novembri 1938 U\u017ehorod obsadili ma\u010farsk\u00e9 vojsk\u00e1. Po ukon\u010den\u00ed zimn\u00e9ho semestra musel z U\u017ehorodu od\u00eds\u0165 a v \u010fal\u0161\u00edch \u0161t\u00fadi\u00e1ch pokra\u010doval v Olomouci. Prekvapenie na neho \u010dakalo aj tu. D\u0148a 14. marca 1939 \u010cechy a Moravu obsadili nacistick\u00e9 nemeck\u00e9 vojsk\u00e1 a bohoslovec Jozef sa znova ocitol v \u201ezahrani\u010d\u00ed&#8220;, lebo v ten ist\u00fd de\u0148 bol vyhl\u00e1sen\u00fd Slovensk\u00fd \u0161t\u00e1t. Slov\u00e1ci a Rus\u00edni museli opusti\u0165 Protektor\u00e1t \u010cechy a Moravu. Napokon teologick\u00e9 \u0161t\u00fadi\u00e1 dokon\u010dil v Pre\u0161ove. Absolut\u00f3rium z teol\u00f3gie z\u00edskal v roku 1943.<\/p>\n<p dir=\"ltr\">Od 1. septembra 1943 p\u00f4sobil ako katech\u00e9ta v Trebi\u0161ove. Tu sa stret\u00e1val s \u013eu\u010fmi, ktor\u00ed formovali jeho \u010fal\u0161\u00ed \u017eivot. I\u0161lo najm\u00e4 o arcidekana o. Vojtecha Dudi\u010da, bratov \u010euri\u0161inovcov, Ing. Grajevsk\u00e9ho, Juraja Kundr\u00e1ta a o. Polykarpa Gabriela Ole\u00e1ra, OSBM.<\/p>\n<p dir=\"ltr\">Ke\u010f sa za\u010d\u00ednala rozv\u00edja\u0165 \u010dinnos\u0165 Spolku sv. Cyrila a Metoda, stal sa jeho \u010dlenom. U\u017e ako katech\u00e9ta organizoval pam\u00e4tn\u00fd cyrilometodsk\u00fd odpust v Trebi\u0161ove. Rok 1945 bol v jeho \u017eivote v\u00fdznamn\u00fd. V U\u017ehorode 15. febru\u00e1ra 1945 prijal sviatos\u0165 man\u017eelstva s u\u010dite\u013ekou Vikt\u00f3riou Ivan\u010dovou. Zosob\u00e1\u0161il ich biskup Teodor Rom\u017ea. Boh im po\u017eehnal tri deti: Xe\u0148u, Jozefa a Miroslava. D\u0148a 25. febru\u00e1ra 1945 prijal v Katedr\u00e1le Pov\u00fd\u0161enia sv. Kr\u00ed\u017ea v U\u017ehorode sviatos\u0165 k\u0148a\u017estva z r\u00fak vladyku Teodora Rom\u017eu. D\u0148a 4. marca 1945 v rodnej dedine sl\u00e1vil primi\u010dn\u00fa sv. liturgiu. Ako novok\u0148az dostal dispoz\u00edciu do farnosti Vysok\u00e1 nad Uhom, kde 11. marca sl\u00fa\u017eil prv\u00fa liturgiu. V rokoch 1947-1948 tu postavil nov\u00fa farsk\u00fa budovu. Pokojn\u00e1 a po\u017eehnan\u00e1 pastor\u00e1cia sa v\u0161ak za\u010dala komplikova\u0165 akciou \u201eP&#8220;, ktor\u00e1 smerovala k n\u00e1silnej likvid\u00e1cii Gr\u00e9ckokatol\u00edckej cirkvi.<\/p>\n<p dir=\"ltr\">Z nemocnice, kde bol hospitalizovan\u00fd pre \u0165a\u017ekosti so \u017eal\u00fadkom, ho 28. apr\u00edla 1950 pr\u00edslu\u0161n\u00edci ZNB pod z\u00e1mienkou odviezli do Pre\u0161ova na tzv. \u201ePre\u0161ovsk\u00fd sobor&#8220;. Po sobore za\u010dalo \u0165a\u017ek\u00e9 obdobie pre gr\u00e9ckokatol\u00edckych k\u0148azov a ich rodiny, ktor\u00e9mu sa nevyhol ani o. Jozef.  Po vy\u0161etrovan\u00ed a jasnom postoji vernosti sa ocitol  v interna\u010dnom t\u00e1bore v Hlohovci, nesk\u00f4r v Podol\u00ednci.<\/p>\n<p dir=\"ltr\">Koncom roka 1951, bol o. Jozef z t\u00e1bora v Podol\u00ednci prepusten\u00fd a aby nast\u00fapil cestu do vyhnanstva v \u010cech\u00e1ch v Cvikove. Pre \u0165a\u017ek\u00e9 pracovn\u00e9 podmienky ochorel a preto cirkevn\u00fd tajomn\u00edk nariadil prelo\u017eenie o. Jozefa do \u010ceskej Kamenice, do Bavln\u00e1rskych z\u00e1vodov Benar. O. Kne\u017eo tu odpracoval \u0161es\u0165 rokov. Podmienky boli \u0165a\u017ek\u00e9. Denne pracoval aj 16 hod\u00edn, aby mohol u\u017eivi\u0165 rodinu. Pri \u010diasto\u010dnom uvo\u013enen\u00ed situ\u00e1cie v roku 1957 zmenil bydlisko a pres\u0165ahoval sa do Ko\u0161\u00edc. Zamestnal sa v stavebnom podniku, kde odpracoval jeden\u00e1s\u0165 dlh\u00fdch rokov ako majster.<\/p>\n<p dir=\"ltr\">Rok 1968 priniesol ve\u013ek\u00e9 n\u00e1deje. O. Jozef Kne\u017eo sa vr\u00e1til do svojej p\u00f4vodnej farnosti Vysok\u00e1 nad Uhom. Po\u017eehnane tu p\u00f4sobil obdivuhodn\u00fdch 30 rokov a\u017e do roku 1998, kedy odi\u0161iel do d\u00f4chodku. Takmer cel\u00e9 toto obdobie vykon\u00e1val funkciu okresn\u00e9ho dekana michalovsk\u00e9ho dekan\u00e1tu. L\u00e1skav\u00fdm otcovsk\u00fdm pr\u00edstupom si z\u00edskal srdcia mlad\u00fdch k\u0148azov i veriacich zveren\u00e9ho dekan\u00e1tu. Jeho bohat\u00e9 pastora\u010dn\u00e9 sk\u00fasenosti a mienku si v\u00e1\u017eil aj vtedaj\u0161\u00ed gr\u00e9ckokatol\u00edcky ordin\u00e1r Mons. J\u00e1n Hirka. V roku 2002 mu udelil cirkevn\u00fd titul  titul\u00e1rny kanonik. Pri obnoven\u00ed Spolku sv. Cyrila a Metoda so s\u00eddlom v Michalovciach v roku 1991 sa stal jeho prv\u00fdm predsedom na dve funk\u010dn\u00e9 obdobia. V ka\u017edej zverenej slu\u017ebe bol oddan\u00fd milovanej cirkvi, zodpovedn\u00fd a osobne nen\u00e1ro\u010dn\u00fd. Na d\u00f4chodku \u017eil v Ko\u0161iciach, kde pr\u00edle\u017eitostne vypom\u00e1hal vysluhovan\u00edm sviatosti pok\u00e1nia v Katedr\u00e1le Narodenia Panny M\u00e1rie. V roku 1999 sa pres\u0165ahoval s man\u017eelkou k synovi Miroslavovi do Stropkova. Aj tu vypom\u00e1hal pri spovedan\u00ed v reho\u013enom chr\u00e1me. Na stretnut\u00ed pri jeho \u017eivotnej dev\u00e4\u0165desiatke sme ho za\u017eili ako biblick\u00e9ho Simeona. Popri vysokom veku opl\u00fdval mlados\u0165ou ducha, \u0161\u0165ast\u00edm z ka\u017edodenn\u00e9ho stretania sa s Kristom a slobodou pre ve\u010dnos\u0165.<\/p>\n<p dir=\"ltr\">Tit. kanonik Jozef Kne\u017eo usnul v P\u00e1novi  29. janu\u00e1ra 2009 v Bardejovskej Novej Vsi. Jeho poslednou v\u00f4\u013eou bolo odpo\u010d\u00edva\u0165 tu vo Vysokej nad Uhom medzi svojimi b\u00fdval\u00fdmi veriacimi.<\/p>\n<p dir=\"ltr\">\u010eakujeme V\u00e1m o. kanonik za V\u00e1\u0161 pr\u00edkladn\u00fd \u017eivot, pre\u017eit\u00fd najm\u00e4 v tejto farnosti. \u010eakujem V\u00e1m aj v mene v\u00fdboru Spolku aj v svojom mene za slu\u017ebu pre posilnenie cyrilo-metodskej trad\u00edcie. Teraz, ke\u010f stoj\u00edme tu v tichom zamyslen\u00ed, spolo\u010dne vysielame svoju modlitbu k nebesk\u00e9mu Otcovi, aby V\u00e1m udelil bla\u017een\u00fd pokoj a ve\u010dn\u00fa pamiatku.<\/p>\n<p dir=\"ltr\">o. Michal Hospod\u00e1r<\/p>\n<\/div>","protected":false},"excerpt":{"rendered":"<p>Jozef Kne\u017eo, tit. kanonik, \u010destn\u00fd predseda SSCM 1916 \u2013 2009 (druh\u00fd najstar\u0161\u00ed k\u0148az Ko\u0161. eparchie) Najosvietenej\u0161\u00ed pre\u0161ovsk\u00fd vladyka J\u00e1n, vysokoosvieten\u00fd ko\u0161ick\u00fd vladyka Milan, drah\u00e1 rodina zosnul\u00e9ho, bratia k\u0148azi, milovan\u00ed veriaci tejto farnosti<\/p>","protected":false},"author":194,"featured_media":0,"parent":216,"menu_order":9,"comment_status":"closed","ping_status":"closed","template":"","meta":{"ngg_post_thumbnail":0,"footnotes":""},"class_list":["post-835","page","type-page","status-publish","hentry"],"_links":{"self":[{"href":"https:\/\/www.sscm.sk\/de\/wp-json\/wp\/v2\/pages\/835","targetHints":{"allow":["GET"]}}],"collection":[{"href":"https:\/\/www.sscm.sk\/de\/wp-json\/wp\/v2\/pages"}],"about":[{"href":"https:\/\/www.sscm.sk\/de\/wp-json\/wp\/v2\/types\/page"}],"author":[{"embeddable":true,"href":"https:\/\/www.sscm.sk\/de\/wp-json\/wp\/v2\/users\/194"}],"replies":[{"embeddable":true,"href":"https:\/\/www.sscm.sk\/de\/wp-json\/wp\/v2\/comments?post=835"}],"version-history":[{"count":1,"href":"https:\/\/www.sscm.sk\/de\/wp-json\/wp\/v2\/pages\/835\/revisions"}],"predecessor-version":[{"id":836,"href":"https:\/\/www.sscm.sk\/de\/wp-json\/wp\/v2\/pages\/835\/revisions\/836"}],"up":[{"embeddable":true,"href":"https:\/\/www.sscm.sk\/de\/wp-json\/wp\/v2\/pages\/216"}],"wp:attachment":[{"href":"https:\/\/www.sscm.sk\/de\/wp-json\/wp\/v2\/media?parent=835"}],"curies":[{"name":"wp","href":"https:\/\/api.w.org\/{rel}","templated":true}]}}