  {"id":52,"date":"2011-11-01T21:27:10","date_gmt":"2011-11-01T21:27:10","guid":{"rendered":"http:\/\/www.sscm.sk\/?page_id=52"},"modified":"2023-06-12T15:49:08","modified_gmt":"2023-06-12T14:49:08","slug":"byvali-predsedovia","status":"publish","type":"page","link":"https:\/\/www.sscm.sk\/de\/about\/organizacna-struktura\/byvali-predsedovia\/","title":{"rendered":"Ehemalige Vorsitzender"},"content":{"rendered":"<h3>o. Jozef Zorvan \u2013 Karpaty, gener\u00e1lny vik\u00e1r (1882\u20131962)<\/h3>\n<div>\n<p><a href=\"http:\/\/www.sscm.sk\/de\/wp-content\/uploads\/2011\/02\/o_zorvan.jpg\/\"><img loading=\"lazy\" decoding=\"async\" class=\"alignleft\" title=\"o. Jozef Zorvan \u2013 Karpaty, gener\u00e1lny vik\u00e1r (1882\u20131962)\" src=\"http:\/\/www.sscm.sk\/wp-content\/uploads\/2011\/02\/o_zorvan.jpg\" alt=\"o. Jozef Zorvan \u2013 Karpaty, gener\u00e1lny vik\u00e1r (1882\u20131962)\" width=\"146\" height=\"212\"><\/a>Narodil sa 17. marca 1882 v Kolpachoch (dnes Bansk\u00fd Studenec, o. Bansk\u00e1 \u0160tiavnica). Podporovan\u00fd miestnym r\u00edmskokatol\u00edckym far\u00e1rom sa dostal po maturite na bo- hosloveck\u00e9 \u0161t\u00fadi\u00e1 do Ostrihomu. Ako n\u00e1rodne uvedo- mel\u00fd klerik za\u010dal tajne vyd\u00e1va\u0165 \u0161tudentsk\u00fd \u010dasopis v slo- ven\u010dine. V Ostrihome spoznal gr\u00e9ckokatol\u00edckych boho- slovcov. Cyrilo-metodsk\u00e1 trad\u00edcia sp\u00e4t\u00e1 s cirkevnoslovan- sk\u00fdm jazykom pri bohoslu\u017eb\u00e1ch ho o\u010darila, a preto po- \u017eiadal pre\u0161ovsk\u00e9ho gr. kat. biskupa J\u00e1na V\u00e1lyiho o zmenu obradu. Posledn\u00fd rok \u0161t\u00fadia absolvoval u\u017e v Pre\u0161ove. P\u00f4- sobil na fare v Hradisku (o. Sabinov) a ist\u00fd \u010das u\u010dil na u\u010dite\u013eskom \u00fastave v Pre\u0161ove. V roku 1918 bol vymenovan\u00fd za far\u00e1ra v Klembarku (dnes Klenov, o. Pre\u0161ov), kde p\u00f4sobil do roku 1950. V Klembarku rozvinul bo- hat\u00fa pastora\u010dn\u00fa a kult\u00farnu \u010dinnos\u0165. V roku 1940 ho pre\u0161ovsk\u00fd biskup Pavol P. Gojdi\u010d vymenoval za gener\u00e1lneho vik\u00e1ra pre slovensk\u00fdch gr\u00e9ckokatol\u00edkov.<\/p>\n<\/div>\n<p>Pri vzniku Jednoty sv. Cyrila a Metoda v roku 1941 sa stal jej&nbsp;prv\u00fdm predse- dom.&nbsp;Pre excentrickos\u0165 svojho p\u00f4sobenia ako far\u00e1ra sa v\u0161ak po dvoch rokoch tejto funkcie vzdal. V \u010fal\u0161\u00edch rokoch sa na spolkovej pr\u00e1ci podie\u013eal ako \u010dlen \u0161ir\u0161ieho v\u00fdboru. Prejavil sa aj liter\u00e1rne a svoje bohat\u00e9 poznatky uverej\u0148oval vo vtedaj\u0161\u00edch periodik\u00e1ch. Z\u00fa\u010dastnil sa nieko\u013ek\u00fdch p\u00fat\u00ed na moravsk\u00fd Velehrad, kde pravidelne sl\u00e1vil liturgiu byzantsk\u00e9ho obradu. Tu nas\u00e1val ducha velehradsk\u00e9ho unionizmu. Zomrel 17. febru\u00e1ra 1962 v Poprade. Pochovan\u00fd je na cintor\u00edne v Poprade-Ve\u013ekej.<span class=\"Apple-style-span\" style=\"font-size: 15px; font-weight: bold;\">&nbsp;<\/span><\/p>\n<h3>&nbsp;o. arcidekan Vojtech J. Dudi\u010d, st. (1884\u20131967)<\/h3>\n<h3><a href=\"http:\/\/www.sscm.sk\/de\/wp-content\/uploads\/2011\/02\/o_dudic.jpg\/\"><img loading=\"lazy\" decoding=\"async\" class=\"alignright\" title=\"o. arcidekan Vojtech J. Dudi\u010d, st. (1884\u20131967)\" src=\"http:\/\/www.sscm.sk\/wp-content\/uploads\/2011\/02\/o_dudic.jpg\" alt=\"o. arcidekan Vojtech J. Dudi\u010d, st. (1884\u20131967)\" width=\"149\" height=\"215\"><\/a><\/h3>\n<p>Narodil sa 16. apr\u00edla 1884 v Pustom \u010cemernom (o. Mi- chalovce) v k\u0148azskej rodine. Po maturite \u0161tudoval teol\u00f3- giu v U\u017ehorode, kde bol v roku 1906 vysv\u00e4ten\u00fd za k\u0148aza. Ako kapl\u00e1n p\u00f4sobil v rokoch 1912\u20131914 v Muka\u010deve. Ako far\u00e1r v rokoch 1914\u20131936 vo Voj\u010diciach a od roku 1936 a\u017e do roku 1950 v Trebi\u0161ove. Dodnes na neho spom\u00ednaj\u00fa pam\u00e4tn\u00edci, ako m\u00fadro spravoval trebi\u0161ovsk\u00fa farnos\u0165 a spolupracoval aj s otcami bazili\u00e1nmi. Od smutne zn\u00e1- mej akcie \u201eP\u201c \u017eil na d\u00f4chodku v Ko\u0161iciach.<\/p>\n<div>\n<p>V roku 1943 bol zvolen\u00fd do&nbsp;funkcie predsedu&nbsp;Jednoty sv. Cyrila a Metoda v Michalovciach. Akt\u00edvne sa z\u00fa\u010dast\u0148oval na pr\u00e1ci Jednoty a pritom viedol jednu z najv\u00e4\u010d\u0161\u00edch farnost\u00ed eparchie. Vojnov\u00e9 udalosti \u2013 prechod frontu \u2013 na\u010das preru- \u0161ili s\u013eubne rozbehnut\u00fa pr\u00e1cu spolku. S\u00e1m sa o v\u00fdzname Jednoty vyjadril takto:\u201eNeod\u0161kriepite\u013en\u00e1 z\u00e1sluha n\u00e1\u0161ho spolku je v tom, \u017ee cyrilo-metodskou my\u0161lienkou podchytil v\u0161etk\u00fdch na\u0161ich veriacich a vedel vzbudi\u0165 nev\u0161edn\u00fd z\u00e1ujem a l\u00e1sku k na\u0161im cirkevn\u00fdm veciam.\u201c<\/p>\n<\/div>\n<p>Aj jeho presvied\u010dali na pravosl\u00e1vie a pr\u00edslu\u0161n\u00edci \u0160tB mu strp\u010dovali \u017eivot. Ke\u010f\u017ee neust\u00fapil, musel opusti\u0165 svoju farnos\u0165. Zamestnal sa v Ko\u0161iciach ako podnikov\u00fd archiv\u00e1r. Zomrel nieko\u013eko mesiacov pred povolen\u00edm Gr\u00e9ckokatol\u00edckej cirkvi a je pochovan\u00fd v rodinnej hrobke na Cintor\u00edne sv. Roz\u00e1lie v Ko\u0161iciach.<\/p>\n<h3>o. Jozef Kne\u017eo, tit. kanonik, \u010destn\u00fd predseda SSCM (1916\u20132009)<\/h3>\n<div>\n<p><a href=\"http:\/\/www.sscm.sk\/de\/wp-content\/uploads\/2011\/02\/o_knezo.jpg\/\"><img loading=\"lazy\" decoding=\"async\" class=\"alignleft\" title=\"o. Jozef Kne\u017eo, tit. kanonik, \u010destn\u00fd predseda SSCM (1916\u20132009)\" src=\"http:\/\/www.sscm.sk\/wp-content\/uploads\/2011\/02\/o_knezo.jpg\" alt=\"o. Jozef Kne\u017eo, tit. kanonik, \u010destn\u00fd predseda SSCM (1916\u20132009)\" width=\"141\" height=\"185\"><\/a>Narodil sa 17. marca 1916 v I\u0148a\u010dovciach (o. Michalovce). Po maturite v roku 1938 vst\u00fapil v septembri do u\u017ehorodsk\u00e9ho semin\u00e1ra. Kr\u00e1tko na to sa politick\u00e1 situ\u00e1cia vyhrotila a v novembri 1938 U\u017ehorod obsadili ma\u010farsk\u00e9 vojsk\u00e1. Po ukon\u010den\u00ed zimn\u00e9ho semestra musel z U\u017ehorodu od\u00eds\u0165 a v \u010fal\u0161\u00edch \u0161t\u00fadi\u00e1ch pokra\u010doval v Olomouci. Napo- kon teologick\u00e9 \u0161t\u00fadi\u00e1 dokon\u010dil v Pre\u0161ove.<\/p>\n<p>Od 1. septembra 1943 p\u00f4sobil ako katech\u00e9ta v Trebi- \u0161ove. Tu sa stret\u00e1val s \u013eu\u010fmi, ktor\u00ed formovali jeho \u010fal\u0161\u00ed \u017eivot. I\u0161lo najm\u00e4 o arcidekana o. Vojtecha Dudi\u010da, bratov<\/p>\n<p>\u010euri\u0161inovcov, Ing. A. Grajevsk\u00e9ho, Juraja Kundr\u00e1ta a o. Polykarpa Gabriela Ole\u00e1ra, OSBM.<\/p>\n<\/div>\n<p>Ke\u010f sa za\u010d\u00ednala rozv\u00edja\u0165 \u010dinnos\u0165 JEDNOTY \u2013&nbsp;Spolku sv. Cyrila a Metoda,&nbsp;stal sa jej \u010dlenom. U\u017e ako katech\u00e9ta organizoval pam\u00e4tn\u00fd cyrilo-metodsk\u00fd odpust v Tre- bi\u0161ove. Rok 1945 bol v jeho \u017eivote v\u00fdznamn\u00fd. V U\u017ehorode prijal sviatos\u0165 man\u017eel- stva s u\u010dite\u013ekou Vikt\u00f3riou Ivan\u010dovou. D\u0148a 25. febru\u00e1ra 1945 prijal v Katedr\u00e1le Pov\u00fd\u0161enia sv. Kr\u00ed\u017ea v U\u017ehorode sviatos\u0165 k\u0148azstva z r\u00fak vladyku Teodora Rom\u017eu. Ako novok\u0148az dostal dispoz\u00edciu do novozriadenej farnosti Vysok\u00e1 nad Uhom, kde 11. marca sl\u00fa\u017eil prv\u00fa liturgiu. V rokoch 1947\u20131948 tu postavil nov\u00fa farsk\u00fa budovu. Po- kojn\u00e1 a po\u017eehnan\u00e1 pastor\u00e1cia sa v\u0161ak za\u010dala komplikova\u0165 akciou \u201eP\u201c, ktor\u00e1 sme- rovala k n\u00e1silnej likvid\u00e1cii Gr\u00e9ckokatol\u00edckej cirkvi. Po vy\u0161etrovan\u00ed a jasnom postoji vernosti viere svojich otcov sa ocitol v interna\u010dnom t\u00e1bore v Hlohovci, nesk\u00f4r v Podol\u00ednci.<\/p>\n<p>Koncom roka 1951 bol z t\u00e1bora v Podol\u00ednci prepusten\u00fd, aby nast\u00fapil cestu do&nbsp;vyhnanstva v \u010cech\u00e1ch v Cvikove. Pre \u0165a\u017ek\u00e9 pracovn\u00e9 podmienky ochorel, a preto cirkevn\u00fd tajomn\u00edk nariadil jeho prelo\u017eenie do \u010ceskej Kamenice, do Bavln\u00e1rskych z\u00e1vodov Benar. Tu odpracoval \u0161es\u0165 rokov v \u0165a\u017ek\u00fdch podmienkach. Pri \u010diasto\u010dnom uvo\u013enen\u00ed situ\u00e1cie v roku 1957 zmenil bydlisko a pres\u0165ahoval sa do Ko\u0161\u00edc. Zamestnal sa v stavebnom podniku, kde odpracoval jeden\u00e1s\u0165 dlh\u00fdch rokov ako majster.<\/p>\n<div>\n<p>Rok 1968 priniesol ve\u013ek\u00e9 n\u00e1deje. Otec Jozef Kne\u017eo sa vr\u00e1til do svojej p\u00f4vodnej farnosti Vysok\u00e1 nad Uhom. Po\u017eehnane tu p\u00f4sobil obdivuhodn\u00fdch 30 rokov a\u017e do roku 1998, kedy odi\u0161iel do d\u00f4chodku. Takmer cel\u00e9 toto obdobie vykon\u00e1val funkciu okresn\u00e9ho dekana (protopresbytera) michalovsk\u00e9ho dekan\u00e1tu. L\u00e1skav\u00fdm otcovsk\u00fdm pr\u00edstupom si z\u00edskal srdcia mlad\u0161\u00edch k\u0148azov i veriacich zveren\u00e9ho dekan\u00e1tu. Jeho bohat\u00e9 pastora\u010dn\u00e9 sk\u00fasenosti a mienku si v\u00e1\u017eil aj vtedaj\u0161\u00ed gr\u00e9ckokatol\u00edcky ordin\u00e1r Mons. J\u00e1n Hirka. V roku 2002 mu udelil cirkevn\u00fd titul titul\u00e1rny kanonik.<\/p>\n<p>Pri obnoven\u00ed Spolku sv. Cyrila a Metoda so s\u00eddlom v Michalovciach v roku 1991 sa stal jeho&nbsp;prv\u00fdm predsedom&nbsp;na dve funk\u010dn\u00e9 obdobia. Po ich skon\u010den\u00ed mu v\u00fdbor za jeho akt\u00edvny podiel na rozbehu spolkovej \u010dinnosti priznal titul \u010destn\u00fd&nbsp;predseda Spolku.&nbsp;V ka\u017edej zverenej slu\u017ebe bol oddan\u00fd milovanej cirkvi, zodpovedn\u00fd a osobne nen\u00e1ro\u010dn\u00fd. V roku 1999 sa pres\u0165ahoval s man\u017eelkou k synovi do Stropkova. Ako d\u00f4chodca tu vypom\u00e1hal pri spovedan\u00ed v reho\u013enom chr\u00e1me. Na stretnut\u00ed pri jeho \u017eivotnej dev\u00e4\u0165desiatke sme ho za\u017eili ako biblick\u00e9ho Simeona. Popri vysokom veku opl\u00fdval mlados\u0165ou ducha, \u0161\u0165ast\u00edm z ka\u017edodenn\u00e9ho stretania sa s Kristom a slobodou pre ve\u010dnos\u0165.<\/p>\n<\/div>\n<p>Titul\u00e1rny kanonik Jozef Kne\u017eo usnul v P\u00e1novi 29. janu\u00e1ra 2009 v Bardejovskej Novej Vsi. Jeho poslednou v\u00f4\u013eou bolo odpo\u010d\u00edva\u0165 vo Vysokej nad Uhom medzi svojimi veriacimi.<\/p>\n<div>\n<h3><strong>o. doc. ThDr. Michal Hospod\u00e1r, PhD., stavroforn\u00fd protojerej<\/strong><\/h3>\n<p><img decoding=\"async\" class=\"alignleft size-full wp-image-42\" title=\"Doc. ThDr. Michal Hospod\u00e1r, PhD., stavroforn\u00fd protojerej\" src=\"http:\/\/www.sscm.sk\/wp-content\/uploads\/2023\/06\/Hospod\u00e1r-Michal-200x300.jpg\" alt=\"Doc. ThDr. Michal Hospod\u00e1r, PhD., stavroforn\u00fd protojerej\" width=\"166\"><br \/>\nMichal Hospod\u00e1r wurde am 7. Mai 1965 in Trebi\u0161ov geboren. Von 1983 bis 1988 studierte er katholische Theologie an der R\u00f6misch-katholischen theologischen Fakult\u00e4t der Comenius-Universit\u00e4t in Bratislava. 2003 promovierte er in Pastoraltheologie an der Katholischen Universit\u00e4t in Lublin (Polen), 2004 erreichte er an der Katholischen Universit\u00e4t in Ru\u017eomberok (Slowakei) den akademischen Grad philosophiae doctor. 2010 habilitierte er sich an der Griechisch-katholischen theologischen Fakult\u00e4t der Pre\u0161over Universit\u00e4t in Pre\u0161ov, zurzeit lehrt und forscht er am Lehrstuhl f\u00fcr Systematische Theologie.<\/p>\n<p>Po k\u0148azskej vysviacke v Pre\u0161ove (19. j\u00fana 1988) pastora\u010dne p\u00f4sobil najprv ako kapl\u00e1n v Michalovciach, tri roky ako spr\u00e1vca farnosti Poprad a od roku 1993 ako spr\u00e1vca a far\u00e1r farnosti Ko\u0161ice-Terasa. Na v\u0161etk\u00fdch svojich p\u00f4sobisk\u00e1ch popularizoval cyrilo-metodsk\u00fa trad\u00edciu v Gr\u00e9ckokatol\u00edckej cirkvi a zap\u00e1jal sa do \u010dinnosti spolkov\u00e9ho v\u00fdboru. V Ko\u0161iciach intenz\u00edvne spolupracoval s Mgr. Pavlom Ku\u0161n\u00edrom, od ktor\u00e9ho z\u00edskal z\u00e1\u013eubu v redaktorskej pr\u00e1ci. V roku 1995 mu v\u00fdbor spolku zveril \u00falohu zodpovedn\u00e9ho redaktora Gr\u00e9ckokatol\u00edckeho kalend\u00e1ra (kni\u017en\u00e9ho). Od roku 1997 je \u010dlenom redak\u010dnej rady revue Duchovn\u00fd pastier. Od roku 1999 do roku 2023 bol predsedom Spolku sv. Cyrila a Metoda v Michalovciach a zodpovedn\u00fdm redaktorom v\u0161etkej spolkovej tla\u010de. V roku 2004 bol vymenovan\u00fd za tla\u010dov\u00e9ho hovorcu, v Ko\u0161ickej eparchii p\u00f4sobil v tejto funkcii do roku 2015. S\u00fa\u010dasne p\u00f4sobil ako odborn\u00fd asistent na Gr\u00e9ckokatol\u00edckej teologickej fakulte PU v Pre\u0161ove, kde predn\u00e1\u0161a dodnes. Do roku 2015 bol \u010dlenom Rady pre m\u00e9di\u00e1 pri Konferencii biskupov Slovenska a z\u00e1stupcom Ko\u0161ickej eparchie v R\u00e1diu Lumen. P\u00f4sob\u00ed tie\u017e v redak\u010dnej rade \u010dasopisu Slovo. Pracovn\u00e9 poslanie v r\u00e1mci celej Katol\u00edckej cirkvi mu umo\u017enilo rozvin\u00fa\u0165 kontakty s partnersk\u00fdmi in\u0161tit\u00faciami a vyu\u017e\u00edva\u0165 ich k vz\u00e1jomnej spolupr\u00e1ci.<\/p>\n<div>\n<p>In seiner eigenen Publikationst\u00e4tigkeit widmet er sich vor allem der Problematik der \u00dcberbringung des Glaubens und den Fragen der Priesterpastoral. Immer wieder popularisiert er auf verschiedene Art und Weise die lebendige kyrillo-methodianische Tradition. Er ist verheiratet, hat drei S\u00f6hne. Zurzeit lebt er in Ko\u0161ice-Terasa, gelegentlich unterst\u00fctzt er den pastoralen Dienst in der Ortsgemeinde.<\/p>\n<h6>&nbsp;<\/h6>\n<\/div>\n<\/div>","protected":false},"excerpt":{"rendered":"<p>o. Jozef Zorvan \u2013 Karpaty, gener\u00e1lny vik\u00e1r (1882\u20131962) Narodil sa 17. marca 1882 v Kolpachoch (dnes Bansk\u00fd Studenec, o. Bansk\u00e1 \u0160tiavnica). Podporovan\u00fd miestnym r\u00edmskokatol\u00edckym far\u00e1rom sa dostal po maturite na bo- hosloveck\u00e9 \u0161t\u00fadi\u00e1 do Ostrihomu. Ako n\u00e1rodne uvedo- mel\u00fd klerik za\u010dal tajne vyd\u00e1va\u0165 \u0161tudentsk\u00fd \u010dasopis v slo- ven\u010dine. V Ostrihome spoznal gr\u00e9ckokatol\u00edckych boho- slovcov. Cyrilo-metodsk\u00e1 [&hellip;]<\/p>","protected":false},"author":1,"featured_media":0,"parent":8,"menu_order":2,"comment_status":"closed","ping_status":"closed","template":"","meta":{"ngg_post_thumbnail":0,"footnotes":""},"class_list":["post-52","page","type-page","status-publish","hentry"],"_links":{"self":[{"href":"https:\/\/www.sscm.sk\/de\/wp-json\/wp\/v2\/pages\/52","targetHints":{"allow":["GET"]}}],"collection":[{"href":"https:\/\/www.sscm.sk\/de\/wp-json\/wp\/v2\/pages"}],"about":[{"href":"https:\/\/www.sscm.sk\/de\/wp-json\/wp\/v2\/types\/page"}],"author":[{"embeddable":true,"href":"https:\/\/www.sscm.sk\/de\/wp-json\/wp\/v2\/users\/1"}],"replies":[{"embeddable":true,"href":"https:\/\/www.sscm.sk\/de\/wp-json\/wp\/v2\/comments?post=52"}],"version-history":[{"count":5,"href":"https:\/\/www.sscm.sk\/de\/wp-json\/wp\/v2\/pages\/52\/revisions"}],"predecessor-version":[{"id":1314,"href":"https:\/\/www.sscm.sk\/de\/wp-json\/wp\/v2\/pages\/52\/revisions\/1314"}],"up":[{"embeddable":true,"href":"https:\/\/www.sscm.sk\/de\/wp-json\/wp\/v2\/pages\/8"}],"wp:attachment":[{"href":"https:\/\/www.sscm.sk\/de\/wp-json\/wp\/v2\/media?parent=52"}],"curies":[{"name":"wp","href":"https:\/\/api.w.org\/{rel}","templated":true}]}}