  {"id":380,"date":"2012-02-14T11:21:09","date_gmt":"2012-02-14T10:21:09","guid":{"rendered":"http:\/\/www.sscm.sk\/?page_id=380"},"modified":"2012-02-14T19:33:35","modified_gmt":"2012-02-14T18:33:35","slug":"380-2","status":"publish","type":"page","link":"https:\/\/www.sscm.sk\/de\/apostoli-slovanov\/380-2\/","title":{"rendered":"L i n k y"},"content":{"rendered":"<pre>Spolok ikonopiscov sv. Cyrila a Metoda   <a href=\"http:\/\/siscms.sk\/\" target=\"_blank\">http:\/\/siscms.sk\/<\/a><\/pre>\n<pre>Matice Velehradsk\u00e1  <a href=\"http:\/\/www.maticevelehradska.cz\/\" target=\"_blank\">http:\/\/www.maticevelehradska.cz\/<\/a><\/pre>\n<pre>Spolo\u010denstvo kres\u0165anskej filatelie na Slovensku\u00a0- sv. Gabriel <a href=\"http:\/\/www.svgabriel.sk\/\" target=\"_blank\">http:\/\/www.svgabriel.sk\/<\/a><\/pre>\n<pre><a title=\"ZN\u00c1MKY \" href=\"http:\/\/www.svgabriel.sk\/images\/bulletin\/1992\/znamkysr.pdf\" target=\"_blank\"> Zn\u00e1mky SR s n\u00e1bo\u017eensk\u00fdm mot\u00edvom<\/a><\/pre>\n<pre>\u041c\u0415\u0413\u0410\u042d\u041d\u0426\u0418\u041a\u041b\u041e\u041f\u0415\u0414\u0418\u042f \u041a\u0418\u0420\u0418\u041b\u041b\u0410 \u0418 \u041c\u0415\u0424\u041e\u0414\u0418\u042f   <a href=\"http:\/\/www.megabook.ru\/Article.asp?AID=639740\" target=\"_blank\">http:\/\/www.megabook.ru\/Article.asp?AID=639740<\/a>\r\n\r\nBazilika sv. Klimenta v R\u00edme <a href=\"http:\/\/www.basilicasanclemente.com\/stcyril.htm\" target=\"_blank\">http:\/\/www.basilicasanclemente.com\/stcyril.htm<\/a><\/pre>","protected":false},"excerpt":{"rendered":"<p>Spolok ikonopiscov sv. Cyrila a Metoda http:\/\/siscms.sk\/ Matice Velehradsk\u00e1 http:\/\/www.maticevelehradska.cz\/ Spolo\u010denstvo kres\u0165anskej filatelie na Slovensku\u00a0&#8211; sv. Gabriel http:\/\/www.svgabriel.sk\/ Zn\u00e1mky SR s n\u00e1bo\u017eensk\u00fdm mot\u00edvom \u041c\u0415\u0413\u0410\u042d\u041d\u0426\u0418\u041a\u041b\u041e\u041f\u0415\u0414\u0418\u042f \u041a\u0418\u0420\u0418\u041b\u041b\u0410 \u0418 \u041c\u0415\u0424\u041e\u0414\u0418\u042f http:\/\/www.megabook.ru\/Article.asp?AID=639740 Bazilika sv. Klimenta v R\u00edme http:\/\/www.basilicasanclemente.com\/stcyril.htm<\/p>","protected":false},"author":2,"featured_media":0,"parent":360,"menu_order":98,"comment_status":"closed","ping_status":"closed","template":"","meta":{"ngg_post_thumbnail":0,"footnotes":""},"class_list":["post-380","page","type-page","status-publish","hentry"],"_links":{"self":[{"href":"https:\/\/www.sscm.sk\/de\/wp-json\/wp\/v2\/pages\/380","targetHints":{"allow":["GET"]}}],"collection":[{"href":"https:\/\/www.sscm.sk\/de\/wp-json\/wp\/v2\/pages"}],"about":[{"href":"https:\/\/www.sscm.sk\/de\/wp-json\/wp\/v2\/types\/page"}],"author":[{"embeddable":true,"href":"https:\/\/www.sscm.sk\/de\/wp-json\/wp\/v2\/users\/2"}],"replies":[{"embeddable":true,"href":"https:\/\/www.sscm.sk\/de\/wp-json\/wp\/v2\/comments?post=380"}],"version-history":[{"count":7,"href":"https:\/\/www.sscm.sk\/de\/wp-json\/wp\/v2\/pages\/380\/revisions"}],"predecessor-version":[{"id":384,"href":"https:\/\/www.sscm.sk\/de\/wp-json\/wp\/v2\/pages\/380\/revisions\/384"}],"up":[{"embeddable":true,"href":"https:\/\/www.sscm.sk\/de\/wp-json\/wp\/v2\/pages\/360"}],"wp:attachment":[{"href":"https:\/\/www.sscm.sk\/de\/wp-json\/wp\/v2\/media?parent=380"}],"curies":[{"name":"wp","href":"https:\/\/api.w.org\/{rel}","templated":true}]}}