  {"id":30,"date":"2011-11-01T20:30:20","date_gmt":"2011-11-01T20:30:20","guid":{"rendered":"http:\/\/www.sscm.sk\/?page_id=30"},"modified":"2011-12-06T04:42:52","modified_gmt":"2011-12-06T03:42:52","slug":"stvrte-valne-zhromazdenie","status":"publish","type":"page","link":"https:\/\/www.sscm.sk\/de\/about\/valne-zhromazdenia\/stvrte-valne-zhromazdenie\/","title":{"rendered":"4. General- versammlung"},"content":{"rendered":"<div>\n<div>\n<div>\n<div>\n<p><a href=\"http:\/\/www.sscm.sk\/de\/wp-content\/uploads\/2011\/11\/jpII_pozdrav.jpg\/\"><img loading=\"lazy\" decoding=\"async\" class=\"alignleft size-medium wp-image-33\" title=\"Po\u017eehnanie pre \u010dlenov Spolku od p\u00e1pe\u017ea J\u00e1na Pavla II. (2001)\" src=\"http:\/\/www.sscm.sk\/wp-content\/uploads\/2011\/11\/jpII_pozdrav-213x300.jpg\" alt=\"Po\u017eehnanie pre \u010dlenov Spolku od p\u00e1pe\u017ea J\u00e1na Pavla II. (2001)\" width=\"213\" height=\"300\" srcset=\"https:\/\/www.sscm.sk\/wp-content\/uploads\/2011\/11\/jpII_pozdrav-213x300.jpg 213w, https:\/\/www.sscm.sk\/wp-content\/uploads\/2011\/11\/jpII_pozdrav.jpg 234w\" sizes=\"auto, (max-width: 213px) 100vw, 213px\" \/><\/a>\u0160tvrt\u00e9 spolkov\u00e9 snemovanie, ktor\u00e9 sa uskuto\u010dnilo 24. m\u00e1ja 2003, poctili svojou \u00fa\u010das\u0165ou obaja vladykovia \u2013 pre\u0161ovsk\u00fd J\u00e1n Babjak a ko\u0161ick\u00fd Milan Chautur, ktor\u00ed na \u00favod programu odsl\u00fa\u017eili sv. liturgiu v Chr\u00e1me Sv\u00e4t\u00e9ho Ducha pri kl\u00e1\u0161tore otcov redemptoristov za \u00fa\u010dasti Zboru Chryzostomos z farnosti Vranov nad Top\u013eou.<\/p>\n<p>Ako bolo na rokovan\u00ed valn\u00e9ho zhroma\u017edenia z \u00fast predsedu spolku o. M. Hospod\u00e1ra povedan\u00e9, \u010dlensk\u00fa z\u00e1klad\u0148u sa podarilo stabilizova\u0165 na \u00farovni 4-tis\u00edc \u010dlenov. K zakladaj\u00facim \u010dlenom spolku pribudli aj novovysv\u00e4ten\u00ed biskupi \u2013 pre\u0161ovsk\u00fd J\u00e1n Babjak a pra\u017esk\u00fd Ladislav Hu\u010dko. Jednou z prior\u00edt spolku bola publika\u010dn\u00e1 \u010dinnos\u0165. Okrem tradi\u010dn\u00fdch kalend\u00e1rov a podielov\u00fdch kn\u00edh vy\u0161li aj dve publik\u00e1cie o zakladate\u013eovi Jednoty sv. Cyrila a Metoda a jej prvom spr\u00e1vcovi o. J\u00e1novi Mur\u00ednovi a zborn\u00edky predn\u00e1\u0161ok zo semin\u00e1rov organizovan\u00fdch v predo\u0161lom obdob\u00ed. Spolok sa podie\u013eal aj na spracovan\u00ed filmov\u00e9ho dokumentu o J. Mur\u00ednovi a odhalen\u00ed pam\u00e4tn\u00fdch tab\u00fa\u013e \u010fal\u0161\u00edm osobnostiam Gr\u00e9ckokatol\u00edckej cirkvi. \u010cinnos\u0165 spolku ocenili vo svojich pr\u00edspevkoch taktie\u017e z\u00e1stupcovia Spolku sv. Vojtecha, Spolku ikonopiscov sv. Cyrila a Metoda a \u00a0samospr\u00e1vy mesta Michalovce.<\/p>\n<\/div>\n<\/div>\n<\/div>\n<\/div>","protected":false},"excerpt":{"rendered":"<p>\u0160tvrt\u00e9 spolkov\u00e9 snemovanie, ktor\u00e9 sa uskuto\u010dnilo 24. m\u00e1ja 2003, poctili svojou \u00fa\u010das\u0165ou obaja vladykovia \u2013 pre\u0161ovsk\u00fd J\u00e1n Babjak a ko\u0161ick\u00fd Milan Chautur, ktor\u00ed na \u00favod programu odsl\u00fa\u017eili sv. liturgiu v Chr\u00e1me Sv\u00e4t\u00e9ho Ducha pri kl\u00e1\u0161tore otcov redemptoristov za \u00fa\u010dasti Zboru Chryzostomos z farnosti Vranov nad Top\u013eou. Ako bolo na rokovan\u00ed valn\u00e9ho zhroma\u017edenia z \u00fast predsedu [&hellip;]<\/p>","protected":false},"author":1,"featured_media":0,"parent":18,"menu_order":4,"comment_status":"closed","ping_status":"closed","template":"","meta":{"ngg_post_thumbnail":0,"footnotes":""},"class_list":["post-30","page","type-page","status-publish","hentry"],"_links":{"self":[{"href":"https:\/\/www.sscm.sk\/de\/wp-json\/wp\/v2\/pages\/30","targetHints":{"allow":["GET"]}}],"collection":[{"href":"https:\/\/www.sscm.sk\/de\/wp-json\/wp\/v2\/pages"}],"about":[{"href":"https:\/\/www.sscm.sk\/de\/wp-json\/wp\/v2\/types\/page"}],"author":[{"embeddable":true,"href":"https:\/\/www.sscm.sk\/de\/wp-json\/wp\/v2\/users\/1"}],"replies":[{"embeddable":true,"href":"https:\/\/www.sscm.sk\/de\/wp-json\/wp\/v2\/comments?post=30"}],"version-history":[{"count":5,"href":"https:\/\/www.sscm.sk\/de\/wp-json\/wp\/v2\/pages\/30\/revisions"}],"predecessor-version":[{"id":32,"href":"https:\/\/www.sscm.sk\/de\/wp-json\/wp\/v2\/pages\/30\/revisions\/32"}],"up":[{"embeddable":true,"href":"https:\/\/www.sscm.sk\/de\/wp-json\/wp\/v2\/pages\/18"}],"wp:attachment":[{"href":"https:\/\/www.sscm.sk\/de\/wp-json\/wp\/v2\/media?parent=30"}],"curies":[{"name":"wp","href":"https:\/\/api.w.org\/{rel}","templated":true}]}}