  {"id":257,"date":"2012-02-12T12:18:03","date_gmt":"2012-02-12T11:18:03","guid":{"rendered":"http:\/\/www.sscm.sk\/?page_id=257"},"modified":"2012-02-18T11:38:29","modified_gmt":"2012-02-18T10:38:29","slug":"dedicstvo-otcov-h-i-s-t-o-r-i-a","status":"publish","type":"page","link":"https:\/\/www.sscm.sk\/de\/apostoli-slovanov\/dedicstvo-otcov-h-i-s-t-o-r-i-a\/","title":{"rendered":"Dedi\u010dstvo otcov &#8211; h_i_s_t_\u00f3_r_i_a"},"content":{"rendered":"<p><a href=\"http:\/\/www.grkat.nfo.sk\/Texty\/cyril_tab.html\" target=\"_blank\">Cyrilsk\u00e1 abeceda pre starosloven\u010dinu <\/a>\u00a0 (http:\/\/www.grkat.nfo.sk\/Texty\/cyril_tab.html)<\/p>\n<p>C<a href=\"https:\/\/www.sscm.sk\/de\/apostoli-slovanov\/dedicstvo-otcov-h-i-s-t-o-r-i-a\/t_cyrilometodske_dedicstvo_na_spisi\/\" rel=\"attachment wp-att-258\" target=\"_blank\">yrilometodske_dedicstvo_na_spisi<\/a><\/p>\n<p><a href=\"http:\/\/www.grkat.nfo.sk\/Texty\/cyrilometodska.html\" target=\"_blank\">Cyrilo-metodsk\u00e1 trad\u00edcia u gr\u00e9ckokatol\u00edkov\u00a0<\/a>\u00a0(\u00a0http:\/\/www.grkat.nfo.sk\/Texty\/cyrilometodska.html)<\/p>\n<p><a href=\"http:\/\/www.grkat.nfo.sk\/Texty\/sedmopocetnici.html\" target=\"_blank\">Sv\u00e4t\u00ed sedmopo\u010detn\u00edci<\/a>\u00a0\u00a0<a href=\"http:\/\/www.grkat.nfo.sk\/Texty\/sedmopocetnici.html\" target=\"_blank\">\u00a0<\/a>(http:\/\/www.grkat.nfo.sk\/Texty\/sedmopocetnici.html)<\/p>\n<p><a href=\"http:\/\/www.kbs.sk\/?cid=1117278233\" target=\"_blank\">ENCYKLIKA P\u00c1PE\u017dA J\u00c1NA PAVLA II. SLAVORUM APOSTOLI<\/a><\/p>\n<p><a href=\"http:\/\/www.kbs.sk\/?cid=1117103147\" target=\"_blank\">APO\u0160TOLSK\u00dd LIST SV\u00c4T\u00c9HO OTCA Z BO\u017dEJ PROZRETE\u013dNOSTI P\u00c1PE\u017dA PAVLA VI. ANTIQUAE NOBILITATIS<\/a><\/p>\n<p><a href=\"http:\/\/www.vatican.va\/holy_father\/john_paul_ii\/apost_letters\/documents\/hf_jp-ii_apl_31121980_egregiae-virtutis_lt.html\" target=\"_blank\">EGREGIAE VIRTUTIS VIRI<\/a>\u00a0(lat.)<\/p>\n<p><a href=\"http:\/\/www.moraviamagna.cz\/dokumenty\/d_egrvir.htm\" target=\"_blank\">EGREGIAE VIRTUTIS VIRI (cz)<\/a><\/p>\n<p><a href=\"http:\/\/www.vendee.cz\/texty\/g_munus.html\" target=\"_blank\">\u00a0Grande-munus_(cz)<\/a><\/p>\n<p><a href=\"http:\/\/www.cyrylimetody.marianie.pl\/grande.htm\" target=\"_blank\">Grande-munus_(pl)<\/a><\/p>\n<p><a href=\"http:\/\/www.papalencyclicals.net\/Leo13\/l13cym.htm\" target=\"_blank\">GRANDE MUNUS<\/a>\u00a0(en)<\/p>\n<p><a href=\"http:\/\/www.vatican.va\/holy_father\/leo_xiii\/encyclicals\/documents\/hf_l-xiii_enc_30091880_grande-munus_it.html\" target=\"_blank\">Grande-munus_(it)<\/a><\/p>\n<p><a href=\"http:\/\/www.moraviamagna.cz\/dokumenty\/d_indust.htm\" target=\"_blank\">Industriae tuae<\/a>\u00a0(cz)<\/p>\n<p><a href=\"http:\/\/www.moraviamagna.cz\/dokumenty\/index.htm\" target=\"_blank\">DOKUMENTY K\u00a0HIST\u00d3RII\u00a0VE\u013dKEJ MORAVY<\/a><\/p>\n<pre><\/pre>\n<p>&nbsp;<\/p>","protected":false},"excerpt":{"rendered":"<p>Cyrilsk\u00e1 abeceda pre starosloven\u010dinu \u00a0 (http:\/\/www.grkat.nfo.sk\/Texty\/cyril_tab.html) Cyrilometodske_dedicstvo_na_spisi Cyrilo-metodsk\u00e1 trad\u00edcia u gr\u00e9ckokatol\u00edkov\u00a0\u00a0(\u00a0http:\/\/www.grkat.nfo.sk\/Texty\/cyrilometodska.html) Sv\u00e4t\u00ed sedmopo\u010detn\u00edci\u00a0\u00a0\u00a0(http:\/\/www.grkat.nfo.sk\/Texty\/sedmopocetnici.html) ENCYKLIKA P\u00c1PE\u017dA J\u00c1NA PAVLA II. SLAVORUM APOSTOLI APO\u0160TOLSK\u00dd LIST SV\u00c4T\u00c9HO OTCA Z BO\u017dEJ PROZRETE\u013dNOSTI P\u00c1PE\u017dA PAVLA VI. ANTIQUAE NOBILITATIS EGREGIAE VIRTUTIS VIRI\u00a0(lat.) EGREGIAE VIRTUTIS VIRI (cz) \u00a0Grande-munus_(cz) Grande-munus_(pl) GRANDE MUNUS\u00a0(en) Grande-munus_(it) Industriae tuae\u00a0(cz) DOKUMENTY K\u00a0HIST\u00d3RII\u00a0VE\u013dKEJ MORAVY &nbsp;<\/p>","protected":false},"author":2,"featured_media":0,"parent":360,"menu_order":37,"comment_status":"closed","ping_status":"closed","template":"","meta":{"ngg_post_thumbnail":0,"footnotes":""},"class_list":["post-257","page","type-page","status-publish","hentry"],"_links":{"self":[{"href":"https:\/\/www.sscm.sk\/de\/wp-json\/wp\/v2\/pages\/257","targetHints":{"allow":["GET"]}}],"collection":[{"href":"https:\/\/www.sscm.sk\/de\/wp-json\/wp\/v2\/pages"}],"about":[{"href":"https:\/\/www.sscm.sk\/de\/wp-json\/wp\/v2\/types\/page"}],"author":[{"embeddable":true,"href":"https:\/\/www.sscm.sk\/de\/wp-json\/wp\/v2\/users\/2"}],"replies":[{"embeddable":true,"href":"https:\/\/www.sscm.sk\/de\/wp-json\/wp\/v2\/comments?post=257"}],"version-history":[{"count":71,"href":"https:\/\/www.sscm.sk\/de\/wp-json\/wp\/v2\/pages\/257\/revisions"}],"predecessor-version":[{"id":261,"href":"https:\/\/www.sscm.sk\/de\/wp-json\/wp\/v2\/pages\/257\/revisions\/261"}],"up":[{"embeddable":true,"href":"https:\/\/www.sscm.sk\/de\/wp-json\/wp\/v2\/pages\/360"}],"wp:attachment":[{"href":"https:\/\/www.sscm.sk\/de\/wp-json\/wp\/v2\/media?parent=257"}],"curies":[{"name":"wp","href":"https:\/\/api.w.org\/{rel}","templated":true}]}}