  {"id":23,"date":"2011-11-01T20:23:53","date_gmt":"2011-11-01T20:23:53","guid":{"rendered":"http:\/\/www.sscm.sk\/?page_id=23"},"modified":"2011-12-06T04:35:46","modified_gmt":"2011-12-06T03:35:46","slug":"druhe-valne-zhromazdenie","status":"publish","type":"page","link":"https:\/\/www.sscm.sk\/de\/about\/valne-zhromazdenia\/druhe-valne-zhromazdenie\/","title":{"rendered":"2. General- versammlung"},"content":{"rendered":"<div>\n<p>V porad\u00ed druh\u00e9 valn\u00e9 zhroma\u017edenie bolo v sobotu 29. apr\u00edla 1995 taktie\u017e v Michalovciach, ke\u010f de\u0148 predt\u00fdm sa v Chr\u00e1me Narodenia Presv\u00e4tej Bohorodi\u010dky uskuto\u010dnila koncelebrovan\u00e1 sv. liturgia pri pr\u00edle\u017eitosti 45. v\u00fdro\u010dia likvid\u00e1cie Gr\u00e9ckokatol\u00edckej cirkvi v b\u00fdvalom \u010cesko-Slovensku. Liturgii, podobne ako o de\u0148 nesk\u00f4r, predsedal pre\u0161ovsk\u00fd s\u00eddeln\u00fd biskup Mons. J\u00e1n Hirka.<\/p>\n<p>Na rokovan\u00ed, ktor\u00e9 pri\u0161iel pozdravi\u0165 Zbor Pavla Petra Gojdi\u010da z farnosti Vranov nad Top\u013eou-\u010cemern\u00e9, sa spolok mohol pochv\u00e1lil prv\u00fdmi \u00faspechmi v prvom 4-ro\u010dnom obdob\u00ed \u010di u\u017e v raste \u010dlenskej z\u00e1kladne z vy\u0161e 1100 na 2320, vydan\u00edm 11 periodick\u00fdch i neperiodick\u00fdch publik\u00e1ci\u00ed a \u010fal\u0161\u00edmi v\u00fdsledkami. N\u00e1rast \u010dlenskej z\u00e1kladne bol dosiahnut\u00fd mnoh\u00fdmi aktivitami nielen v s\u00eddle spolku, ale aj z\u00e1sluhou v\u00fdjazdov\u00fdch zasadnut\u00ed a stretnutiami s veriacimi jednotliv\u00fdch farnost\u00ed mimo Michaloviec.<\/p>\n<p>V pr\u00e1ci v novozvolenom v\u00fdbore na obdobie rokov 1995\u20131999 op\u00e4\u0165 pokra\u010dovalo vedenie spolku \u2013 o. J. Kne\u017eo, P. Ku\u0161n\u00edr a V. Miro\u0161\u0161ay, taktie\u017e aj \u010fal\u0161\u00ed \u010dlenovia. Valn\u00e9 zhroma\u017edenie na svojom druhom rokovan\u00ed prerokovalo a schv\u00e1lilo \u00fapravu stanov, ktor\u00e9 sa t\u00fdkali pr\u00e1vnych ot\u00e1zok, \u010dlenstva v spolku a in\u00e9 z\u00e1le\u017eitosti.<\/p>\n<\/div>","protected":false},"excerpt":{"rendered":"<p>V porad\u00ed druh\u00e9 valn\u00e9 zhroma\u017edenie bolo v sobotu 29. apr\u00edla 1995 taktie\u017e v Michalovciach, ke\u010f de\u0148 predt\u00fdm sa v Chr\u00e1me Narodenia Presv\u00e4tej Bohorodi\u010dky uskuto\u010dnila koncelebrovan\u00e1 sv. liturgia pri pr\u00edle\u017eitosti 45. v\u00fdro\u010dia likvid\u00e1cie Gr\u00e9ckokatol\u00edckej cirkvi v b\u00fdvalom \u010cesko-Slovensku. Liturgii, podobne ako o de\u0148 nesk\u00f4r, predsedal pre\u0161ovsk\u00fd s\u00eddeln\u00fd biskup Mons. J\u00e1n Hirka. Na rokovan\u00ed, ktor\u00e9 pri\u0161iel pozdravi\u0165 [&hellip;]<\/p>","protected":false},"author":1,"featured_media":0,"parent":18,"menu_order":2,"comment_status":"closed","ping_status":"closed","template":"","meta":{"ngg_post_thumbnail":0,"footnotes":""},"class_list":["post-23","page","type-page","status-publish","hentry"],"_links":{"self":[{"href":"https:\/\/www.sscm.sk\/de\/wp-json\/wp\/v2\/pages\/23","targetHints":{"allow":["GET"]}}],"collection":[{"href":"https:\/\/www.sscm.sk\/de\/wp-json\/wp\/v2\/pages"}],"about":[{"href":"https:\/\/www.sscm.sk\/de\/wp-json\/wp\/v2\/types\/page"}],"author":[{"embeddable":true,"href":"https:\/\/www.sscm.sk\/de\/wp-json\/wp\/v2\/users\/1"}],"replies":[{"embeddable":true,"href":"https:\/\/www.sscm.sk\/de\/wp-json\/wp\/v2\/comments?post=23"}],"version-history":[{"count":4,"href":"https:\/\/www.sscm.sk\/de\/wp-json\/wp\/v2\/pages\/23\/revisions"}],"predecessor-version":[{"id":190,"href":"https:\/\/www.sscm.sk\/de\/wp-json\/wp\/v2\/pages\/23\/revisions\/190"}],"up":[{"embeddable":true,"href":"https:\/\/www.sscm.sk\/de\/wp-json\/wp\/v2\/pages\/18"}],"wp:attachment":[{"href":"https:\/\/www.sscm.sk\/de\/wp-json\/wp\/v2\/media?parent=23"}],"curies":[{"name":"wp","href":"https:\/\/api.w.org\/{rel}","templated":true}]}}