  {"id":206,"date":"2011-12-12T10:45:55","date_gmt":"2011-12-12T09:45:55","guid":{"rendered":"http:\/\/www.sscm.sk\/?page_id=206"},"modified":"2023-06-12T09:55:19","modified_gmt":"2023-06-12T08:55:19","slug":"vybor-sscm","status":"publish","type":"page","link":"https:\/\/www.sscm.sk\/de\/about\/organizacna-struktura\/vybor-sscm\/","title":{"rendered":"Hauptvorstand"},"content":{"rendered":"<p><strong>V\u00fdbor Spolku sv. Cyrila a Metoda zvolen\u00fd na roky 2023-2027<\/strong><\/p>\n<p>Na 9. valnom zhroma\u017eden\u00ed Spolku sv. Cyrila a Metoda 6. m\u00e1ja 2023 bol zvolen\u00fd nov\u00fd v\u00fdbor v zlo\u017een\u00ed:<\/p>\n<p><strong>Predseda \u2013 <\/strong>o. HELic. Mgr. Martin MR\u00c1Z, Ko\u0161ice<br><strong>podpredsedovia<\/strong><br>\u2013 o. doc. ThDr. Michal HOSPOD\u00c1R, PhD., Ko\u0161ice<br>\u2013 Mgr. Ingrid LUK\u00c1\u010cOV\u00c1, Se\u010dovce<\/p>\n<p><strong>spr\u00e1vca \u2013&nbsp;<\/strong>Ing. Michal BOKA, PhD., Michalovce<br><strong>hospod\u00e1rka spolku \u2013 <\/strong>Mgr. Monika SABOLOV\u00c1, Michalovce<\/p>\n<p><strong>\u010dlenovia<\/strong><br>Mgr. Daniel \u010cERN\u00dd, PhD., Ko\u0161ice<br>o. Mag. Theol. Miroslav H\u00c1ZY, Eichst\u00e4tt<br>Ing. Michal HOSPOD\u00c1R, PhD. Ko\u0161ice<br>JUDr. Mat\u00fa\u0161 LEME\u0160, Ko\u0161ice<br>J\u00e1n POPRIK, Star\u00e9<br>o. Mgr. Emil ZORVAN, Falku\u0161ovce<\/p>\n<p><strong>K o n t r o l n \u00e1 &nbsp; komisia<\/strong>&nbsp; pracuje &nbsp;v zlo\u017een\u00ed:<br><strong>Predseda \u2013 <\/strong>Ing. Pavol KURILEC, Michalovce<br><strong>\u010dlenovia \u2013 <\/strong>Ing. Katar\u00edna H\u00c1ZYOV\u00c1, Ko\u0161ice a Mgr. Vladim\u00edr JUR\u010cENKO, Michalovce<\/p>\n\n\n<p><\/p>","protected":false},"excerpt":{"rendered":"<p>V\u00fdbor Spolku sv. Cyrila a Metoda zvolen\u00fd na roky 2023-2027 Na 9. valnom zhroma\u017eden\u00ed Spolku sv. Cyrila a Metoda 6. m\u00e1ja 2023 bol zvolen\u00fd nov\u00fd v\u00fdbor v zlo\u017een\u00ed: Predseda \u2013 o. HELic. Mgr. Martin MR\u00c1Z, Ko\u0161icepodpredsedovia\u2013 o. doc. ThDr. Michal HOSPOD\u00c1R, PhD., Ko\u0161ice\u2013 Mgr. Ingrid LUK\u00c1\u010cOV\u00c1, Se\u010dovce spr\u00e1vca \u2013&nbsp;Ing. Michal BOKA, PhD., Michalovcehospod\u00e1rka spolku \u2013 [&hellip;]<\/p>","protected":false},"author":2,"featured_media":0,"parent":8,"menu_order":1,"comment_status":"closed","ping_status":"closed","template":"","meta":{"ngg_post_thumbnail":0,"footnotes":""},"class_list":["post-206","page","type-page","status-publish","hentry"],"_links":{"self":[{"href":"https:\/\/www.sscm.sk\/de\/wp-json\/wp\/v2\/pages\/206","targetHints":{"allow":["GET"]}}],"collection":[{"href":"https:\/\/www.sscm.sk\/de\/wp-json\/wp\/v2\/pages"}],"about":[{"href":"https:\/\/www.sscm.sk\/de\/wp-json\/wp\/v2\/types\/page"}],"author":[{"embeddable":true,"href":"https:\/\/www.sscm.sk\/de\/wp-json\/wp\/v2\/users\/2"}],"replies":[{"embeddable":true,"href":"https:\/\/www.sscm.sk\/de\/wp-json\/wp\/v2\/comments?post=206"}],"version-history":[{"count":27,"href":"https:\/\/www.sscm.sk\/de\/wp-json\/wp\/v2\/pages\/206\/revisions"}],"predecessor-version":[{"id":1307,"href":"https:\/\/www.sscm.sk\/de\/wp-json\/wp\/v2\/pages\/206\/revisions\/1307"}],"up":[{"embeddable":true,"href":"https:\/\/www.sscm.sk\/de\/wp-json\/wp\/v2\/pages\/8"}],"wp:attachment":[{"href":"https:\/\/www.sscm.sk\/de\/wp-json\/wp\/v2\/media?parent=206"}],"curies":[{"name":"wp","href":"https:\/\/api.w.org\/{rel}","templated":true}]}}