  {"id":197,"date":"2011-12-06T04:54:30","date_gmt":"2011-12-06T03:54:30","guid":{"rendered":"http:\/\/www.sscm.sk\/?page_id=197"},"modified":"2015-10-01T14:41:03","modified_gmt":"2015-10-01T13:41:03","slug":"sieste-valne-zhromazdenie","status":"publish","type":"page","link":"https:\/\/www.sscm.sk\/de\/about\/valne-zhromazdenia\/sieste-valne-zhromazdenie\/","title":{"rendered":"6. General- versammlung"},"content":{"rendered":"<p>Spr\u00e1va z valn\u00e9ho zhroma\u017edenia je dostupn\u00e1 na <a href=\"http:\/\/www.tkkbs.sk\/view.php?cisloclanku=20110606023\">http:\/\/www.tkkbs.sk\/view.php?cisloclanku=20110606023<\/a><\/p>","protected":false},"excerpt":{"rendered":"<p>Spr\u00e1va z valn\u00e9ho zhroma\u017edenia je dostupn\u00e1 na http:\/\/www.tkkbs.sk\/view.php?cisloclanku=20110606023<\/p>","protected":false},"author":2,"featured_media":0,"parent":18,"menu_order":6,"comment_status":"closed","ping_status":"closed","template":"","meta":{"ngg_post_thumbnail":0,"footnotes":""},"class_list":["post-197","page","type-page","status-publish","hentry"],"_links":{"self":[{"href":"https:\/\/www.sscm.sk\/de\/wp-json\/wp\/v2\/pages\/197","targetHints":{"allow":["GET"]}}],"collection":[{"href":"https:\/\/www.sscm.sk\/de\/wp-json\/wp\/v2\/pages"}],"about":[{"href":"https:\/\/www.sscm.sk\/de\/wp-json\/wp\/v2\/types\/page"}],"author":[{"embeddable":true,"href":"https:\/\/www.sscm.sk\/de\/wp-json\/wp\/v2\/users\/2"}],"replies":[{"embeddable":true,"href":"https:\/\/www.sscm.sk\/de\/wp-json\/wp\/v2\/comments?post=197"}],"version-history":[{"count":5,"href":"https:\/\/www.sscm.sk\/de\/wp-json\/wp\/v2\/pages\/197\/revisions"}],"predecessor-version":[{"id":690,"href":"https:\/\/www.sscm.sk\/de\/wp-json\/wp\/v2\/pages\/197\/revisions\/690"}],"up":[{"embeddable":true,"href":"https:\/\/www.sscm.sk\/de\/wp-json\/wp\/v2\/pages\/18"}],"wp:attachment":[{"href":"https:\/\/www.sscm.sk\/de\/wp-json\/wp\/v2\/media?parent=197"}],"curies":[{"name":"wp","href":"https:\/\/api.w.org\/{rel}","templated":true}]}}