  {"id":18,"date":"2011-11-01T20:13:26","date_gmt":"2011-11-01T20:13:26","guid":{"rendered":"http:\/\/www.sscm.sk\/?page_id=18"},"modified":"2015-10-24T08:33:17","modified_gmt":"2015-10-24T07:33:17","slug":"valne-zhromazdenia","status":"publish","type":"page","link":"https:\/\/www.sscm.sk\/de\/about\/valne-zhromazdenia\/","title":{"rendered":"Generalversammlung"},"content":{"rendered":"<div>\n<p>V \u017eivote n\u00e1\u0161ho cyrilo-metodsk\u00e9ho spolku mali a maj\u00fa svoj v\u00fdznam valn\u00e9 zhroma\u017edenia. K\u00fdm po\u010das existencie Jednoty sv. Cyrila a Metoda (1941\u20131950) sa konali spravidla raz ro\u010dne, po obnoven\u00ed spolkovej \u010dinnosti po dlh\u00fdch \u0161tyroch desa\u0165ro\u010diach je to v \u0161tvorro\u010dn\u00fdch cykloch.<\/p>\n<p>Euf\u00f3rii, ktor\u00e1 vl\u00e1dla pri obnoven\u00ed spolku, v\u0161ak predch\u00e1dzala tvrd\u00e1 pr\u00e1ca, ktor\u00e1 na \u010dlenov iniciat\u00edvnej skupiny v zlo\u017een\u00ed o. Jozef Kne\u017eo, Pavol Ku\u0161n\u00edr, o. Bartolomej Le\u0161ko, o. Jozef Mati, Vladim\u00edr Miro\u0161\u0161ay, o. J\u00e1n Seman a \u010fal\u0161\u00edch nad\u0161encov do tejto vz\u00e1cnej chv\u00edle \u010dakala. Bolo treba dorie\u0161i\u0165 mnoh\u00e9, dovtedy nerie\u0161en\u00e9 ot\u00e1zky, miesto spolku v Gr\u00e9ckokatol\u00edckej cirkvi a spolo\u010dnosti \u2013 vtedaj\u0161ej \u010cSFR. V\u00fdznamn\u00fdm po\u010dinom v tomto pr\u00edpravnom obdob\u00ed bolo rozhodnutie pre\u0161ovsk\u00e9ho vladyku J\u00e1na Hirku z 13. augusta 1990, ktor\u00e9 vy\u00fastilo k \u00faradn\u00e9mu schv\u00e1leniu spolku zo strany ofici\u00e1lnej cirkevnej autority. Takto mohol spolok nadviaza\u0165 na \u010dinnos\u0165 n\u00e1silne preru\u0161enej Jednoty sv. Cyrila a Metoda.<\/p>\n<\/div>","protected":false},"excerpt":{"rendered":"<p>V \u017eivote n\u00e1\u0161ho cyrilo-metodsk\u00e9ho spolku mali a maj\u00fa svoj v\u00fdznam valn\u00e9 zhroma\u017edenia. K\u00fdm po\u010das existencie Jednoty sv. Cyrila a Metoda (1941\u20131950) sa konali spravidla raz ro\u010dne, po obnoven\u00ed spolkovej \u010dinnosti po dlh\u00fdch \u0161tyroch desa\u0165ro\u010diach je to v \u0161tvorro\u010dn\u00fdch cykloch. Euf\u00f3rii, ktor\u00e1 vl\u00e1dla pri obnoven\u00ed spolku, v\u0161ak predch\u00e1dzala tvrd\u00e1 pr\u00e1ca, ktor\u00e1 na \u010dlenov iniciat\u00edvnej skupiny v [&hellip;]<\/p>","protected":false},"author":1,"featured_media":0,"parent":2,"menu_order":0,"comment_status":"closed","ping_status":"closed","template":"","meta":{"ngg_post_thumbnail":0,"footnotes":""},"class_list":["post-18","page","type-page","status-publish","hentry"],"_links":{"self":[{"href":"https:\/\/www.sscm.sk\/de\/wp-json\/wp\/v2\/pages\/18","targetHints":{"allow":["GET"]}}],"collection":[{"href":"https:\/\/www.sscm.sk\/de\/wp-json\/wp\/v2\/pages"}],"about":[{"href":"https:\/\/www.sscm.sk\/de\/wp-json\/wp\/v2\/types\/page"}],"author":[{"embeddable":true,"href":"https:\/\/www.sscm.sk\/de\/wp-json\/wp\/v2\/users\/1"}],"replies":[{"embeddable":true,"href":"https:\/\/www.sscm.sk\/de\/wp-json\/wp\/v2\/comments?post=18"}],"version-history":[{"count":5,"href":"https:\/\/www.sscm.sk\/de\/wp-json\/wp\/v2\/pages\/18\/revisions"}],"predecessor-version":[{"id":767,"href":"https:\/\/www.sscm.sk\/de\/wp-json\/wp\/v2\/pages\/18\/revisions\/767"}],"up":[{"embeddable":true,"href":"https:\/\/www.sscm.sk\/de\/wp-json\/wp\/v2\/pages\/2"}],"wp:attachment":[{"href":"https:\/\/www.sscm.sk\/de\/wp-json\/wp\/v2\/media?parent=18"}],"curies":[{"name":"wp","href":"https:\/\/api.w.org\/{rel}","templated":true}]}}