  {"id":1308,"date":"2023-06-12T09:59:31","date_gmt":"2023-06-12T08:59:31","guid":{"rendered":"https:\/\/www.sscm.sk\/?page_id=1308"},"modified":"2023-06-12T09:59:31","modified_gmt":"2023-06-12T08:59:31","slug":"deviate-valne-zhromazdenie","status":"publish","type":"page","link":"https:\/\/www.sscm.sk\/de\/about\/valne-zhromazdenia\/deviate-valne-zhromazdenie\/","title":{"rendered":"Deviate valn\u00e9 zhroma\u017edenie"},"content":{"rendered":"<p>Modlitba Akatistu k sv. Cyrilovi a Metodovi v michalovskej Bazilike minor Zost\u00fapenia Sv\u00e4t\u00e9ho Ducha za \u00fa\u010dasti vladykov Cyrila Vasi\u013ea SJ a Milana Lacha SJ, viacer\u00fdch k\u0148azov, laikov a chr\u00e1mov\u00e9ho Zboru sv. Jozefa, predch\u00e1dzala v sobotu 6. m\u00e1ja rokovaniu 9. valn\u00e9ho zhroma\u017edenia cyrilo-metodsk\u00e9ho spolku.<\/p>\n\n\n\n<p>Pracovn\u00fa \u010das\u0165, ktor\u00e1 sa uskuto\u010dnila v hoteli Mousson, za\u010dali \u00fa\u010dastn\u00edci VZ ve\u013ekono\u010dn\u00fdm trop\u00e1rom \u201eChristos voskrese\u201c. Po \u00favodnej b\u00e1sni Mgr. Ingrid Luk\u00e1\u010dovej \u00fa\u010dastn\u00edkov rokovania pozdravili vladyka Cyril Vasi\u013e, ko\u0161ick\u00fd eparchi\u00e1lny biskup, Mgr. Miroslav Dufinec, prim\u00e1tor Michaloviec a JUDr. Mari\u00e1n Ge\u0161per, predseda Matice slovenskej. Predseda Spolku SCM o. doc. Michal Hospod\u00e1r tlmo\u010dil pozdravy PhDr. Viery Michalkovej, dc\u00e9ry zakladate\u013ea a spr\u00e1vcu Jednoty SCM o. ThDr. J\u00e1na Mur\u00edna (1913 \u2013 1990) a riadite\u013ea Spolku sv. Vojtecha ThDr. Ivana \u0160ul\u00edka. Otec Michal z\u00e1rove\u0148 predniesol spr\u00e1vu o \u010dinnosti SSCM za uplynul\u00e9 4 roky. Napriek tomu, \u017ee to bolo zlo\u017eit\u00e9 obdobie, spolok neprest\u00e1val vyd\u00e1va\u0165 kni\u017en\u00e9 kalend\u00e1re a podielov\u00e9 knihy, okrem toho prispel aj na vydanie \u010fal\u0161\u00edch titulov. Cie\u013eom tohto kult\u00farno-n\u00e1bo\u017eensk\u00e9ho spolku je aj pripom\u00ednanie si v\u00fdznamn\u00fdch osobnost\u00ed Gr\u00e9ckokatol\u00edckej cirkvi \u2013 najnov\u0161ie formou filmov\u00fdch medail\u00f3nov a t\u00fdmto sp\u00f4sobom pribl\u00ed\u017eil \u010dinnos\u0165 o. J\u00e1na Mastiliaka CSsR a P. Michala Fedora SJ. Nech\u00fdbali ani spomienky na neboh\u00fdch cyrilo-metodsk\u00fdch nad\u0161encov \u2013 o. Juraja Koc\u00e1ka, Mgr. Pavla Ku\u0161n\u00edra \u010di Ing. Vladim\u00edra Teodora Miro\u0161\u0161aya. K nov\u0161\u00edm aktivit\u00e1m patr\u00ed \u0161tudijn\u00fd pobyt mlad\u00fdch v Nemecku prostredn\u00edctvom programu CM Exchange, ktor\u00fd organizovala spolkov\u00e1 komisia pre medzin\u00e1rodn\u00e9 vz\u0165ahy. Po n\u00fatenej covidovej pauze sa podarilo obnovi\u0165 trad\u00edciu prehliadok viano\u010dn\u00e9ho folkl\u00f3ru. V \u010fal\u0161om priebehu si pr\u00edtomn\u00ed vypo\u010duli spr\u00e1vy o \u010dinnosti spolkov\u00e9ho vydavate\u013estva Byzant a kontrolnej komisie.<\/p>\n\n\n\n<p>D\u00f4le\u017eit\u00e1 zmena sa udiala na poste predsedu, ke\u010f po 24 rokoch na funkciu predsedu u\u017e nekandidoval o. M. Hospod\u00e1r a po 32 rokoch z funkcie hospod\u00e1rky vzdala Anna Sevkov\u00e1, za \u010do im patr\u00ed aj touto cestou \u00faprimn\u00e9 po\u010fakovanie. Na z\u00e1klade v\u00fdsledkov volieb povedie SSCM v najbli\u017e\u0161\u00edch \u0161tyroch rokoch o. HELic. Mgr. Martin Mr\u00e1z, podpredsedami s\u00fa o. M. Hospod\u00e1r a Mgr. I. Luk\u00e1\u010dov\u00e1, spr\u00e1vcom Ing. Michal Boka a hospod\u00e1rkou Mgr. Monika Sabolov\u00e1. Do 11-\u010dlenn\u00e9ho v\u00fdboru boli e\u0161te zvolen\u00ed Mgr. Daniel \u010cern\u00fd PhD., o. Mag. Theol. Miroslav H\u00e1zy, Ing. Michal Hospod\u00e1r, JUDr. Mat\u00fa\u0161 Leme\u0161, J\u00e1n Poprik a o. Mgr. Emil Zorvan. Do kontrolnej komisie boli zvolen\u00ed Ing. Pavol Kurilec \u2013 predseda, Ing. Katar\u00edna H\u00e1zyov\u00e1 a Mgr. Vladim\u00edr Jur\u010denko a komisie pre zahrani\u010dn\u00e9 vz\u0165ahy o. M. H\u00e1zy \u2013 predseda, Peter Hospod\u00e1r, MSc. \u2013 podpredseda a Ing. Veronika Andrisov\u00e1. Deleg\u00e1ti taktie\u017e rokovali a ods\u00fahlasili zmenu \u010dlensk\u00fdch poplatkov v pr\u00edpade v\u0161etk\u00fdch druhov \u010dlenstva.<\/p>\n\n\n\n<p>Na z\u00e1klade nomin\u00e1ci\u00ed schv\u00e1lili \u00fa\u010dastn\u00edci valn\u00e9ho zhroma\u017edenia \u010destn\u00e9 \u010dlenstvo v Spolku sv. Cyrila a Metoda pre vladyku Cyrila Vasi\u013ea a o. protopresbytera Du\u0161ana Semana (Trebi\u0161ov) za ich podiel na \u0161\u00edren\u00ed cyrilo-metodsk\u00e9ho dedi\u010dstva, za akt\u00edvnu spolupr\u00e1cu a podporu spolkovej \u010dinnosti. Kon\u010diacemu predsedovi o. doc. Michalovi Hospod\u00e1rovi udelil vladyka Cyril za doteraj\u0161iu slu\u017ebu Cirkvi a rozvoj spolku pr\u00e1vo nosi\u0165 zlat\u00fd kr\u00ed\u017e s ozdobami a pou\u017e\u00edva\u0165 titul stavroforn\u00fd protojerej. Po prijat\u00ed uznesenia a z\u00e1vere\u010dn\u00fdch pr\u00edhovoroch novozvolen\u00e9ho predsedu o. M. Mr\u00e1za a pomocn\u00e9ho bratislavsk\u00e9ho biskupa vladyku Milana si pr\u00edtomn\u00ed pozreli filmov\u00fd dokument s n\u00e1zvom Michal Fedor \u2013 Posol Eli\u00e1\u0161ov. Pri pr\u00edle\u017eitosti podujatia bol vydan\u00fd bulletin S odvahou a rozvahou.<\/p>\n\n\n\n<p>J\u00e1n Poprik<\/p>","protected":false},"excerpt":{"rendered":"<p>Modlitba Akatistu k sv. Cyrilovi a Metodovi v michalovskej Bazilike minor Zost\u00fapenia Sv\u00e4t\u00e9ho Ducha za \u00fa\u010dasti vladykov Cyrila Vasi\u013ea SJ a Milana Lacha SJ, viacer\u00fdch k\u0148azov, laikov a chr\u00e1mov\u00e9ho Zboru sv. Jozefa, predch\u00e1dzala v sobotu 6. m\u00e1ja rokovaniu 9. valn\u00e9ho zhroma\u017edenia cyrilo-metodsk\u00e9ho spolku. Pracovn\u00fa \u010das\u0165, ktor\u00e1 sa uskuto\u010dnila v hoteli Mousson, za\u010dali \u00fa\u010dastn\u00edci VZ ve\u013ekono\u010dn\u00fdm [&hellip;]<\/p>","protected":false},"author":194,"featured_media":0,"parent":18,"menu_order":9,"comment_status":"closed","ping_status":"closed","template":"","meta":{"ngg_post_thumbnail":0,"footnotes":""},"class_list":["post-1308","page","type-page","status-publish","hentry"],"_links":{"self":[{"href":"https:\/\/www.sscm.sk\/de\/wp-json\/wp\/v2\/pages\/1308","targetHints":{"allow":["GET"]}}],"collection":[{"href":"https:\/\/www.sscm.sk\/de\/wp-json\/wp\/v2\/pages"}],"about":[{"href":"https:\/\/www.sscm.sk\/de\/wp-json\/wp\/v2\/types\/page"}],"author":[{"embeddable":true,"href":"https:\/\/www.sscm.sk\/de\/wp-json\/wp\/v2\/users\/194"}],"replies":[{"embeddable":true,"href":"https:\/\/www.sscm.sk\/de\/wp-json\/wp\/v2\/comments?post=1308"}],"version-history":[{"count":1,"href":"https:\/\/www.sscm.sk\/de\/wp-json\/wp\/v2\/pages\/1308\/revisions"}],"predecessor-version":[{"id":1309,"href":"https:\/\/www.sscm.sk\/de\/wp-json\/wp\/v2\/pages\/1308\/revisions\/1309"}],"up":[{"embeddable":true,"href":"https:\/\/www.sscm.sk\/de\/wp-json\/wp\/v2\/pages\/18"}],"wp:attachment":[{"href":"https:\/\/www.sscm.sk\/de\/wp-json\/wp\/v2\/media?parent=1308"}],"curies":[{"name":"wp","href":"https:\/\/api.w.org\/{rel}","templated":true}]}}