  {"id":1144,"date":"2019-11-29T10:24:21","date_gmt":"2019-11-29T09:24:21","guid":{"rendered":"https:\/\/www.sscm.sk\/?page_id=1144"},"modified":"2019-11-29T10:24:21","modified_gmt":"2019-11-29T09:24:21","slug":"nekrolog-k-umrtiu-ernesta-sirochmana","status":"publish","type":"page","link":"https:\/\/www.sscm.sk\/de\/spominame\/nekrolog-k-umrtiu-ernesta-sirochmana\/","title":{"rendered":"Nekrol\u00f3g k \u00famrtiu Ernesta Sirochmana"},"content":{"rendered":"<p><strong>PhDr. Ernest Sirochman (1.1.1937 \u2013 23.2.2019)<\/strong>, pohreb 26.2. Michalovce-Mo\u010darany<\/p>\n\n\n\n<p>Drah\u00e1 sm\u00fatiaca\nrodina, drah\u00ed pr\u00edtomn\u00ed,<\/p>\n\n\n\n<p>dovo\u013ete mi v&nbsp;mene Spolku sv.\nCyrila a&nbsp;Metoda, ako aj vo svojom mene, poveda\u0165 nieko\u013eko slov pri\npr\u00edle\u017eitosti dne\u0161nej rozl\u00fa\u010dky. S&nbsp;neboh\u00fdm Dr. Ernestom Sirochmanom som sa\nstretol na prvom valnom zhroma\u017eden\u00ed obnoven\u00e9ho SSCM v&nbsp;roku 1991. Hne\u010f\nvedel, \u010do bude v&nbsp;spolku robi\u0165, ak\u00e9 je jeho miesto. V&nbsp;duchu ver\u0161a z&nbsp;b\u00e1sne\njeho s\u00faputn\u00edka Mikul\u00e1\u0161a Kasardu: \u201eLen v&nbsp;tichej slu\u017ebe sa vie du\u0161a dot\u00fdka\u0165\nkr\u00e1sy\u201c n\u00e1m v&nbsp;spolkovej \u010dinnosti sl\u00fa\u017eil takmer 30 rokov, prakticky a\u017e do\nkonca \u017eivota. Pritom nikdy nemyslel na seba, na nejak\u00fa odmenu, na\nsebapresadenie. Najv\u00e4\u010d\u0161ou odmenou mu bola kr\u00e1sa i&nbsp;h\u013abka slova,&nbsp; ktor\u00fa interpretoval v&nbsp;mnoh\u00fdch \u010dl\u00e1nkoch\na&nbsp;pr\u00edhovoroch. Neboh\u00fd bol hlboko zakorenen\u00fd v cyrilo-metodskej trad\u00edcii\na&nbsp;viere svojich predkov. Vych\u00e1dzaj\u00fac z&nbsp;tohto z\u00e1kladu, vytrvalo\nreflektoval a interpretoval v\u0161e\u013eudsk\u00e9 a kres\u0165ansk\u00e9 hodnoty rodn\u00e9ho kraja.&nbsp; Vo svojom profesijnom z\u00e1bere sa venoval\nb\u00e1snikom a&nbsp;liter\u00e1tom stredn\u00e9ho a&nbsp;ju\u017en\u00e9ho Zempl\u00edna. Jeho l\u00e1skou bol najm\u00e4\nb\u00e1snik a&nbsp;prekladate\u013e Pavol Horov a&nbsp;spiritu\u00e1lny b\u00e1snik, salezi\u00e1n\nGorazd Zvonick\u00fd, rod\u00e1k z Mo\u010darian. Dr. Ernest Sirochman sa popri dlhoro\u010dnej\npedagogickej pr\u00e1ci (36 r.) na Gymn\u00e1ziu P. Horova realizoval aj v&nbsp;Matici\nSlovenskej, organizoval liter\u00e1rne s\u00fa\u0165a\u017ee, kde bol porotcom mlad\u00fdch recit\u00e1torov.\nS\u00e1m liter\u00e1rne tvoril. Zostavil a&nbsp;jazykovo korigoval nieko\u013eko desiatok\nzborn\u00edkov a&nbsp;bibliof\u00edli\u00ed. V\u00fdsostn\u00fd z\u00e1ujem o slovensk\u00fd&nbsp;jazyk\ndokumentuje aj jeho kni\u017eka Nepresnosti v&nbsp;sloven\u010dine. Jeho \u013eudsk\u00fd profil\ndotv\u00e1rala v\u00e1\u0161e\u0148 dom\u00e1ceho z\u00e1hradk\u00e1ra, pri ktorej nach\u00e1dzal relax\ni&nbsp;in\u0161pir\u00e1ciu. <\/p>\n\n\n\n<p>Dnes, ke\u010f sa\ns&nbsp;Vami l\u00fa\u010dime, vyslovujeme Bohu po\u010fakovanie za V\u00e1\u0161 plodn\u00fd a&nbsp;pr\u00edkladn\u00fd\n\u017eivot. \u010eakujem V\u00e1m, \u017ee ste mi boli tich\u00fdm a v\u017edy ochotn\u00fdm radcom i&nbsp;sprievodcom.\n\u010eakujeme za Va\u0161e osobn\u00e9 i&nbsp;rodinn\u00e9 svedectvo \u017eivota, za stato\u010dnos\u0165\na&nbsp;vytrvalos\u0165 vo viere i&nbsp;v&nbsp;neprajn\u00fdch \u010dasoch. Ver\u00edme, \u017ee svoje duchovn\u00e9\ndo\u017einky sl\u00e1vite u\u017e v&nbsp;bl\u00edzkosti Boha, v nebi. Dovidenia, p\u00e1n profesor, a&nbsp;ve\u010dn\u00e1\nV\u00e1m pamiatka! <\/p>\n\n\n\n<p style=\"text-align:right\">Michal Hospod\u00e1r<\/p>","protected":false},"excerpt":{"rendered":"<p>PhDr. Ernest Sirochman (1.1.1937 \u2013 23.2.2019), pohreb 26.2. Michalovce-Mo\u010darany Drah\u00e1 sm\u00fatiaca rodina, drah\u00ed pr\u00edtomn\u00ed, dovo\u013ete mi v&nbsp;mene Spolku sv. Cyrila a&nbsp;Metoda, ako aj vo svojom mene, poveda\u0165 nieko\u013eko slov pri pr\u00edle\u017eitosti dne\u0161nej rozl\u00fa\u010dky. S&nbsp;neboh\u00fdm Dr. Ernestom Sirochmanom som sa stretol na prvom valnom zhroma\u017eden\u00ed obnoven\u00e9ho SSCM v&nbsp;roku 1991. Hne\u010f vedel, \u010do bude v&nbsp;spolku robi\u0165, ak\u00e9 [&hellip;]<\/p>","protected":false},"author":194,"featured_media":0,"parent":216,"menu_order":6,"comment_status":"closed","ping_status":"closed","template":"","meta":{"ngg_post_thumbnail":0,"footnotes":""},"class_list":["post-1144","page","type-page","status-publish","hentry"],"_links":{"self":[{"href":"https:\/\/www.sscm.sk\/de\/wp-json\/wp\/v2\/pages\/1144","targetHints":{"allow":["GET"]}}],"collection":[{"href":"https:\/\/www.sscm.sk\/de\/wp-json\/wp\/v2\/pages"}],"about":[{"href":"https:\/\/www.sscm.sk\/de\/wp-json\/wp\/v2\/types\/page"}],"author":[{"embeddable":true,"href":"https:\/\/www.sscm.sk\/de\/wp-json\/wp\/v2\/users\/194"}],"replies":[{"embeddable":true,"href":"https:\/\/www.sscm.sk\/de\/wp-json\/wp\/v2\/comments?post=1144"}],"version-history":[{"count":3,"href":"https:\/\/www.sscm.sk\/de\/wp-json\/wp\/v2\/pages\/1144\/revisions"}],"predecessor-version":[{"id":1147,"href":"https:\/\/www.sscm.sk\/de\/wp-json\/wp\/v2\/pages\/1144\/revisions\/1147"}],"up":[{"embeddable":true,"href":"https:\/\/www.sscm.sk\/de\/wp-json\/wp\/v2\/pages\/216"}],"wp:attachment":[{"href":"https:\/\/www.sscm.sk\/de\/wp-json\/wp\/v2\/media?parent=1144"}],"curies":[{"name":"wp","href":"https:\/\/api.w.org\/{rel}","templated":true}]}}