  {"id":1112,"date":"2019-06-18T21:10:51","date_gmt":"2019-06-18T20:10:51","guid":{"rendered":"https:\/\/www.sscm.sk\/?page_id=1112"},"modified":"2019-06-20T20:01:46","modified_gmt":"2019-06-20T19:01:46","slug":"osme-valne-zhromazdenie","status":"publish","type":"page","link":"https:\/\/www.sscm.sk\/de\/about\/valne-zhromazdenia\/osme-valne-zhromazdenie\/","title":{"rendered":"8. General- versammlung"},"content":{"rendered":"<p>V s\u00eddle Spolku sv. Cyrila a Metoda v Michalovciach sa v sobotu 25. m\u00e1ja uskuto\u010dnilo v porad\u00ed 8. valn\u00e9 zhroma\u017edenie tejto kult\u00farno-n\u00e1bo\u017eenskej ustanovizne. Rokovaniu predch\u00e1dzala koncelebrovan\u00e1 sv. liturgia vo farskom Chr\u00e1me Narodenia presv\u00e4tej Bohorodi\u010dky. S pr\u00edtomn\u00fdmi k\u0148azmi ju sl\u00fa\u017eil ko\u0161ick\u00fd eparcha Milan Chautur, CSsR, ktor\u00fd z\u00e1rove\u0148 povedal hom\u00edliu. Liturgiu kr\u00e1snym spevom sprev\u00e1dzal Zbor sv. Jozefa pri tunaj\u0161ej Bazilike minor Zost\u00fapenia Sv\u00e4t\u00e9ho Ducha.<br \/>\nSamotn\u00e9 rokovanie v ne\u010falekom hoteli Dru\u017eba, na ktorom \u00fa\u010dastn\u00edci zhodnotili spolkov\u00fa \u010dinnos\u0165 za uplynul\u00e9 4-ro\u010dn\u00e9 obdobie, otvoril predseda o. doc. Michal Hospod\u00e1r. Ten v \u00favode tlmo\u010dil pozdravy vladykov J\u00e1na Babjaka, SJ, a Milana Lacha, SJ. \u00da\u010dastn\u00edkov VZ osobne pozdravili Mgr. Miroslav Sopko, poslanec NR SR, Mgr. Viliam Z\u00e1hor\u010d\u00e1k, prim\u00e1tor mesta Michalovce a poslanec KSK a prof. Peter \u017de\u0148uch, riadite\u013e Slavistick\u00e9ho \u00fastavu J\u00e1na Stanislava. V programe okrem hodnotiacich spr\u00e1v za roky 2015 \u2013 2019 boli aj vo\u013eby org\u00e1nov na \u010fal\u0161ie 4-ro\u010dn\u00e9 obdobie 2019 \u2013 2023. Omladen\u00fd 12-\u010dlenn\u00fd v\u00fdbor Spolku aj na\u010falej povedie o. M. Hospod\u00e1r, za podpredsedov boli zvolen\u00ed Mgr. Ingrid Luk\u00e1\u010dov\u00e1 a J\u00e1n Poprik. Troj\u010dlenn\u00fa kontroln\u00fa komisiu povedie Ing. Pavol Kurilec. Na n\u00e1vrh v\u00fdboru 8. valn\u00e9 zhroma\u017edenie vyhl\u00e1silo za \u010destn\u00fdch \u010dlenov Spolku sv. Cyrila a Metoda preosvieten\u00e9ho vladyku Milana Chautura za jeho podiel na \u0161\u00edren\u00ed cyrilometodsk\u00e9ho dedi\u010dstva a Ing. Borisa Voro\u0148\u00e1ka za spolupr\u00e1cu a podporu spolkovej \u010dinnosti. Pri pr\u00edle\u017eitosti konania VZ bol vydan\u00fd pr\u00edle\u017eitostn\u00fd bulletin s n\u00e1zvom Spojenie trad\u00edcie so s\u00fa\u010dasnos\u0165ou.<br \/>\nSpolok sv. Cyrila a Metoda, ktor\u00fd po politick\u00fdch a spolo\u010densk\u00fdch zmen\u00e1ch po roku 1989 nadviazal na \u010dinnos\u0165 Jednoty sv. Cyrila a Metoda (1941 \u2013 1950), je n\u00e1pomocn\u00fd miestnej Gr\u00e9ckokatol\u00edckej cirkvi. Ka\u017edoro\u010dne vyd\u00e1va kni\u017en\u00e9 kalend\u00e1re (v posledn\u00fdch rokoch pod n\u00e1zvom V br\u00e1zde Metodovej), podielov\u00e9 knihy a in\u00e9 kni\u017en\u00e9 publik\u00e1cie, spoluorganizuje pr\u00edle\u017eitostn\u00e9 podujatia vo farnostiach a odha\u013eovanie pam\u00e4tn\u00fdch tab\u00fa\u013e v\u00fdznamn\u00fdm osobnostiam tejto cirkvi, od roku 2007 aj prehliadky viano\u010dn\u00fdch vin\u0161ov, kolied a \u013eudov\u00fdch hier pod n\u00e1zvom &#8222;Christos ra\u017edajetsja!&#8220; a podporuje \u010fal\u0161ie aktivity.<\/p>\n<p align=\"right\">JP<\/p>","protected":false},"excerpt":{"rendered":"<p>V s\u00eddle Spolku sv. Cyrila a Metoda v Michalovciach sa v sobotu 25. m\u00e1ja uskuto\u010dnilo v porad\u00ed 8. valn\u00e9 zhroma\u017edenie tejto kult\u00farno-n\u00e1bo\u017eenskej ustanovizne. Rokovaniu predch\u00e1dzala koncelebrovan\u00e1 sv. liturgia vo farskom Chr\u00e1me Narodenia presv\u00e4tej Bohorodi\u010dky. S pr\u00edtomn\u00fdmi k\u0148azmi ju sl\u00fa\u017eil ko\u0161ick\u00fd eparcha Milan Chautur, CSsR, ktor\u00fd z\u00e1rove\u0148 povedal hom\u00edliu. Liturgiu kr\u00e1snym spevom sprev\u00e1dzal Zbor sv. Jozefa [&hellip;]<\/p>","protected":false},"author":194,"featured_media":0,"parent":18,"menu_order":7,"comment_status":"closed","ping_status":"closed","template":"","meta":{"ngg_post_thumbnail":0,"footnotes":""},"class_list":["post-1112","page","type-page","status-publish","hentry"],"_links":{"self":[{"href":"https:\/\/www.sscm.sk\/de\/wp-json\/wp\/v2\/pages\/1112","targetHints":{"allow":["GET"]}}],"collection":[{"href":"https:\/\/www.sscm.sk\/de\/wp-json\/wp\/v2\/pages"}],"about":[{"href":"https:\/\/www.sscm.sk\/de\/wp-json\/wp\/v2\/types\/page"}],"author":[{"embeddable":true,"href":"https:\/\/www.sscm.sk\/de\/wp-json\/wp\/v2\/users\/194"}],"replies":[{"embeddable":true,"href":"https:\/\/www.sscm.sk\/de\/wp-json\/wp\/v2\/comments?post=1112"}],"version-history":[{"count":2,"href":"https:\/\/www.sscm.sk\/de\/wp-json\/wp\/v2\/pages\/1112\/revisions"}],"predecessor-version":[{"id":1118,"href":"https:\/\/www.sscm.sk\/de\/wp-json\/wp\/v2\/pages\/1112\/revisions\/1118"}],"up":[{"embeddable":true,"href":"https:\/\/www.sscm.sk\/de\/wp-json\/wp\/v2\/pages\/18"}],"wp:attachment":[{"href":"https:\/\/www.sscm.sk\/de\/wp-json\/wp\/v2\/media?parent=1112"}],"curies":[{"name":"wp","href":"https:\/\/api.w.org\/{rel}","templated":true}]}}